{"id":2928,"date":"2021-04-12T10:02:01","date_gmt":"2021-04-12T09:02:01","guid":{"rendered":"https:\/\/www.vidasignificativa.org\/?page_id=2928"},"modified":"2021-04-12T10:28:31","modified_gmt":"2021-04-12T09:28:31","slug":"condiciones-de-venta-y-devolucion","status":"publish","type":"page","link":"https:\/\/www.vidasignificativa.org\/cat\/condiciones-de-venta-y-devolucion\/","title":{"rendered":"Condicions de venda i devoluci\u00f3"},"content":{"rendered":"<div class=\"fusion-fullwidth fullwidth-box fusion-builder-row-1 hundred-percent-fullwidth non-hundred-percent-height-scrolling fusion-equal-height-columns\" style=\"--awb-background-position:left top;--awb-border-radius-top-left:0px;--awb-border-radius-top-right:0px;--awb-border-radius-bottom-right:0px;--awb-border-radius-bottom-left:0px;--awb-padding-top:30px;--awb-padding-right:10%;--awb-padding-bottom:30px;--awb-padding-left:10%;--awb-border-sizes-top:0px;--awb-border-sizes-bottom:0px;--awb-flex-wrap:wrap;\" ><div class=\"fusion-builder-row fusion-row\"><div class=\"fusion-layout-column fusion_builder_column fusion-builder-column-0 fusion_builder_column_1_1 1_1 fusion-one-full fusion-column-first fusion-column-last\" style=\"--awb-bg-size:cover;\"><div class=\"fusion-column-wrapper fusion-column-has-shadow fusion-flex-column-wrapper-legacy\"><div class=\"fusion-text fusion-text-1\"><h1 style=\"text-align: center;\">Condicions de venda i devoluci\u00f3<\/h1>\n<\/div><div class=\"fusion-text fusion-text-2\"><p>Las presentes Condiciones Generales de Contrataci\u00f3n &#8211; ahora en adelante CGC -, regulan las condiciones de compra de los diferentes productos ofrecidos en nuestra web: www.vidasignificativa.org, de propiedad de La\u00a0ASOCIACI\u00d3N VIDA SIGNIFICATIVA, con domicilio social en\u00a0la calle Josep Irla 3, 2\u00ba 2\u00aa, 08320 de El Masnou, y provista de NIF n\u00famero\u00a0G-67625046\u00a0(en adelante, \u201cLa\u00a0ONG Vida Significativa\u201d)<\/p>\n<p>Los usuarios que realicen compras en\u00a0www.vidasignificativa.org\u00a0aceptan plenamente las presentes CGC y quedar\u00e1n vinculados por estas, tal y como si fueran escritas en el momento de contrataci\u00f3n\/compra.<\/p>\n<p>Ser\u00e1 requisito indispensable la lectura y la aceptaci\u00f3n de las CGC, con car\u00e1cter previo a la compra de cualquier producto a trav\u00e9s de www.vidasignificativa.org<\/p>\n<p>ASOCIACI\u00d3N VIDA SIGNIFICATIVA se reserva el derecho de modificar las CGC en cualquier momento y sin previo aviso. Las CGC estar\u00e1n siempre accesibles a partir del sitio web, para que el usuario pueda consultarlas o imprimirlas en cualquier momento.<\/p>\n<p>Los precios y condiciones de venta tienen un car\u00e1cter meramente informativo y pueden ser modificados en atenci\u00f3n a las fluctuaciones del mercado. No obstante, la realizaci\u00f3n del pedido mediante la cumplimentaci\u00f3n del formulario de compra, implica la conformidad con el precio ofertado y con las condiciones generales de venta vigentes en ese concreto momento. Una vez formalizado el pedido, se entender\u00e1 perfeccionada la compra de pleno derecho, con todas las garant\u00edas legales que amparan al consumidor adquirente y, desde ese instante, los precios y condiciones tendr\u00e1n car\u00e1cter contractual y no podr\u00e1n ser modificados sin el expreso acuerdo de ambos contratantes.<\/p>\n<p>ASOCIACI\u00d3N VIDA SIGNIFICATIVA se reserva el derecho de denegar y\/o suspender el acceso a los servicios prestados en\u00a0www.vidasignificativa.org por razones de vulneraci\u00f3n de la buena fe contractual, incumplimiento de la legislaci\u00f3n de aplicaci\u00f3n, de las presentes Condiciones Generales de Compra y\/o en supuestos de fraude detectados por esta empresa y\/o cualquiera de sus proveedores.<\/p>\n<p><b>Env\u00edos<\/b><\/p>\n<p>Los precios de los productos se corresponden con los establecidos en la p\u00e1gina Web en la fecha de compra e incluyen el IVA (Impuesto sobre Valor A\u00f1adido).<\/p>\n<p><b>Gastos de env\u00edo<\/b><\/p>\n<p>Los gastos de env\u00edo var\u00edan en funci\u00f3n del servicio de entrega (24 horas o 48-72 horas) y en funci\u00f3n de la localizaci\u00f3n geogr\u00e1fica del destino de la entrega (Pen\u00ednsula, Baleares y Canarias). Por lo que la rapidez y lugar de la entrega determinan el coste de las tasas de env\u00edo.<\/p>\n<table style=\"height: 291px;\" width=\"100%\" cellspacing=\"0\" cellpadding=\"0\">\n<tbody>\n<tr>\n<td valign=\"top\"><b>PRECIOS TRANSPORTE<\/b><\/td>\n<td class=\"td2\" valign=\"top\"><b>PEN\u00cdNSULA<\/b><\/td>\n<td class=\"td3\" valign=\"top\"><b>BALEARES<\/b><\/td>\n<td class=\"td3\" valign=\"top\"><b>CANARIAS<\/b><\/td>\n<td class=\"td4\" valign=\"top\"><b>CEUTA Y MELILLA<\/b><\/td>\n<\/tr>\n<tr>\n<td class=\"td5\" valign=\"top\"><b>24h<\/b><\/td>\n<td class=\"td6\" valign=\"top\">4.12\u20ac + IVA<\/td>\n<td class=\"td7\" valign=\"top\">No Disponible<\/td>\n<td class=\"td7\" valign=\"top\">No Disponible<\/td>\n<td class=\"td8\" valign=\"top\">No Disponible<\/td>\n<\/tr>\n<tr>\n<td class=\"td9\" valign=\"top\"><b>48h\/72h<\/b><\/td>\n<td class=\"td10\" valign=\"top\">3.29\u20ac + IVA *<\/td>\n<td class=\"td11\" valign=\"top\">9.08\u20ac + IVA<\/td>\n<td class=\"td11\" valign=\"top\">No Disponible<\/td>\n<td class=\"td12\" valign=\"top\">60.15\u20ac<\/td>\n<\/tr>\n<tr>\n<td class=\"td13\" valign=\"top\"><b>Env\u00edo Est\u00e1ndar 5-13 d\u00edas laborables<\/b><\/td>\n<td class=\"td14\" valign=\"top\">No Disponible<\/td>\n<td class=\"td15\" valign=\"top\">No Disponible<\/td>\n<td class=\"td15\" valign=\"top\">31.69\u20ac + IGIC<\/td>\n<td class=\"td16\" valign=\"top\">No Disponible<\/td>\n<\/tr>\n<tr>\n<td class=\"td17\" valign=\"top\"><b>Env\u00edo Gratuito<\/b><\/td>\n<td class=\"td18\" valign=\"top\">A partir de 39,99\u20ac de compra<\/td>\n<td class=\"td19\" valign=\"top\">A partir de 49\u20ac de compra<\/td>\n<td class=\"td19\" valign=\"top\">A partir de 112\u20ac de compra<\/td>\n<td class=\"td20\" valign=\"top\">A partir de 224\u20ac de compra<\/td>\n<\/tr>\n<\/tbody>\n<\/table>\n<p>El precio m\u00ednimo para cualquier pedido es de 15 euros (independientemente del lugar de entrega) y los gastos de env\u00edo son asumidos por la Asociaci\u00f3n Vida Significativa siempre que se supere el umbral fijado para cada localizaci\u00f3n geogr\u00e1fica. En lo referente a promociones especiales, estos importes podr\u00e1n variar.<\/p>\n<p>*Para los env\u00edos a Pen\u00ednsula en 48\/72h se aplica un suplemento m\u00e1ximo de 1\u20ac en los gastos de env\u00edo para aquellos pedidos que tengan m\u00e1s de una unidad.<\/p>\n<p><b>Env\u00edo gratuito<\/b><\/p>\n<p><b>Pen\u00ednsula:<\/b>\u00a0Pedido por valor superior a 39.99\u20ac<\/p>\n<p><b>Baleares:<\/b>\u00a0Pedido por valor superior a 49\u20ac<\/p>\n<p><b>Canarias:<\/b>\u00a0Pedido por valor superior a 112\u20ac<\/p>\n<p><b>Ceuta y Melilla: <\/b>Pedido por valor superior a 224\u20ac<\/p>\n<p>En Canarias no se repercutir\u00e1 IVA (21%), la carga impositiva la fija el sistema aduanero, por lo que el precio final del producto variar\u00e1 dependiendo del coste aduanero fijado por el I.G.I.C., el AIEM y Aduanas de Canarias.<\/p>\n<p>La Asociaci\u00f3n Vida Significativa se reserva, sin previo aviso a los usuarios, el derecho a actualizar la informaci\u00f3n contenida en la p\u00e1gina Web. No obstante, atendiendo a lo establecido en la Ley 37\/1992, de 28 de diciembre, reguladora de dicho impuesto, la operaci\u00f3n puede resultar exenta o no sujeta al mismo en funci\u00f3n del pa\u00eds de residencia del comprador y de la condici\u00f3n en la que act\u00faa el mismo (empresario o particular). En consecuencia, en el precio final en algunos supuestos puede haber variaciones respecto al contemplado en la p\u00e1gina Web.<\/p>\n<p><b>Entregas<\/b><\/p>\n<p>La entrega se realizar\u00e1 en la direcci\u00f3n especificada por el cliente cuando realiz\u00f3 el pedido. No obstante, la direcci\u00f3n de entrega podr\u00e1 ser modificada sin ning\u00fan coste adicional siempre que la nueva direcci\u00f3n pertenezca al mismo c\u00f3digo postal. Los pedidos se entregan mediante una empresa de transporte y en un margen de 24h\/72h laborables (excepto roturas de stock o casos excepcionales). Si pasados dos d\u00edas la empresa de mensajer\u00eda no consigue entregar el paquete al cliente se pondr\u00e1 en contacto telef\u00f3nico con \u00e9l. En el caso de que finalmente el pedido fuera devuelto por la agencia de mensajer\u00eda debido a la imposibilidad de contactar con el cliente, ser\u00eda este el responsable de costear el nuevo env\u00edo. Por ello es muy importante estar atentos a la fecha de entrega y mantener una buena comunicaci\u00f3n con la empresa de mensajer\u00eda. En caso de retraso en la entrega siempre se comunicar\u00eda dentro del plazo estimado para la entrega.<\/p>\n<p><b>Desestimiento y devoluciones<\/b><\/p>\n<p>Tienes derecho a desistir del presente contrato en un plazo de 14 d\u00edas naturales sin necesidad de justificaci\u00f3n. El plazo de desistimiento expirar\u00e1 a los 14 d\u00edas naturales del d\u00eda en que t\u00fa o un tercero autorizado por ti, distinto del transportista, adquiri\u00f3 la posesi\u00f3n material de los bienes. Para ejercer el derecho de desistimiento, deber\u00e1s notificarnos tu decisi\u00f3n de desistir del contrato a trav\u00e9s de una declaraci\u00f3n inequ\u00edvoca para la Asociaci\u00f3n Vida Significativa. Podr\u00e1s utilizar el modelo de formulario de desistimiento que figura a continuaci\u00f3n, aunque su uso no es obligatorio. Para cumplir el plazo de desistimiento, basta con que la comunicaci\u00f3n relativa al ejercicio por tu parte de este derecho sea enviada antes de que venza el plazo correspondiente.<\/p>\n<table style=\"height: 107px;\" width=\"100%\" cellspacing=\"0\" cellpadding=\"0\">\n<tbody>\n<tr>\n<td valign=\"top\"><strong>Correo Postal<\/strong><\/td>\n<td class=\"td2\" valign=\"top\"><strong>Correo Electr\u00f3nico<\/strong><\/td>\n<td class=\"td3\" valign=\"top\"><strong>Tel\u00e9fono<\/strong><\/td>\n<\/tr>\n<tr>\n<td class=\"td4\" valign=\"top\">C. Josep Irla 3, 2-2, 08320 El Masnou<\/td>\n<td class=\"td5\" valign=\"top\"><span class=\"s1\">info@vidasignificativa.org<\/span><\/td>\n<td class=\"td6\" valign=\"top\">691 53 31 26<\/td>\n<\/tr>\n<\/tbody>\n<\/table>\n<p><b>Excepciones al derecho de desistimiento<\/b><\/p>\n<p>El derecho de desistimiento no ser\u00e1 aplicable a los contratos que se refieran a:<\/p>\n<p>a) Sorteos solidarios, donde el plazo de desestimiento ser\u00e1 hasta un m\u00e1ximo de tres d\u00edas antes del sorteo.<\/p>\n<p><b>Consecuencias del desistimiento:<\/b><\/p>\n<p>En caso de desistimiento por tu parte, te devolveremos todos los pagos recibidos que hayas efectuado en nuestra tienda online, incluidos los gastos de entrega (con la excepci\u00f3n de los gastos adicionales resultantes de la elecci\u00f3n por tu parte de una modalidad de entrega diferente a la modalidad menos costosa de entrega ordinaria que ofrezcamos) sin ninguna demora indebida y, en todo caso, a m\u00e1s tardar 14 d\u00edas naturales a partir de la fecha en la que se nos informe de tu decisi\u00f3n de desistir del presente contrato. Procederemos a efectuar dicho reembolso utilizando el mismo medio de pago empleado como cliente para la transacci\u00f3n inicial, a no ser que hayas dispuesto expresamente lo contrario; en todo caso, no incurrir\u00e1 en ning\u00fan gasto como consecuencia del reembolso. Podremos retener el reembolso hasta haber recibido los bienes, o hasta que t\u00fa hayas presentado una prueba de la devoluci\u00f3n de los mismos, seg\u00fan qu\u00e9 condici\u00f3n se cumpla primero. Deber\u00e1s devolvernos o entregarnos los bienes a trav\u00e9s de la empresa de mensajer\u00eda mediante la cual te hicimos entrega de tu pedido, sin ninguna demora indebida y, en cualquier caso, a m\u00e1s tardar en el plazo de 14 d\u00edas naturales a partir de la fecha en que nos comuniques tu decisi\u00f3n de desistimiento del contrato. Se considerar\u00e1 cumplido el plazo si efect\u00faa la devoluci\u00f3n de los bienes antes de que haya concluido dicho plazo. Deber\u00e1s asumir el coste directo de devoluci\u00f3n de los bienes. Solo ser\u00e1s t\u00fa responsable de la disminuci\u00f3n de valor de los bienes resultante de una manipulaci\u00f3n distinta a la necesaria para establecer la naturaleza, las caracter\u00edsticas y el funcionamiento de los bienes.<\/p>\n<p><b>Modelo de Formulario de Desistimiento<\/b><\/p>\n<p>\u2013 A la atenci\u00f3n de Asociaci\u00f3n Vida Significativa, calle Josep Irla 3, 2-2, 08320 El Masnou. (Tel\u00e9fono: 691 53 31 26, Correo: info@vidasignificativa.org)<\/p>\n<p>\u2013 Por la presente le comunico\/comunicamos (*) que desisto de mi\/desistimos de nuestro (*) contrato de venta del siguiente bien\/prestaci\u00f3n del siguiente servicio (*)<\/p>\n<p>\u2013 Pedido el\/recibido el (*)<\/p>\n<p>\u2013 Nombre del consumidor y usuario o de los consumidores y usuarios<\/p>\n<p>\u2013 Domicilio del consumidor y usuario o de los consumidores y usuarios<\/p>\n<p>\u2013 Firma del consumidor y usuario o de los consumidores y usuarios (solo si el presente formulario se presenta en papel)\u201d<\/p>\n<p>\u2013 Fecha<\/p>\n<p>(*) T\u00e1chese lo que no proceda<\/p>\n<p>Para ejercer el derecho de desistimiento, deber\u00e1s notificarnos tu decisi\u00f3n de desistir del contrato a trav\u00e9s de una declaraci\u00f3n inequ\u00edvoca. Podr\u00e1s utilizar el modelo de formulario de desistimiento que figura en este apartado, aunque su uso no es obligatorio. Tienes asimismo la opci\u00f3n de cumplimentar y enviar electr\u00f3nicamente el modelo de formulario de desistimiento o cualquier otra declaraci\u00f3n inequ\u00edvoca a trav\u00e9s de nuestro sitio web www.vidasignificativa.org. Si recurres a esa opci\u00f3n, te comunicaremos sin demora por correo electr\u00f3nico la recepci\u00f3n de dicho desistimiento.<\/p>\n<p><b>Garantias<\/b><\/p>\n<p>Si los productos adquiridos presentasen falta de conformidad seg\u00fan las condiciones establecidas en la Ley General para la Defensa de los Consumidores y Usuarios y no se encontraren entre los bienes considerados de naturaleza duradera conforme a lo establecido en el RD 1507\/2000, presentasen defectos que impidan su normal utilizaci\u00f3n con arreglo a su naturaleza, o no ofrezcan las prestaciones descritas para el mismo, el Cliente tendr\u00e1 derecho seg\u00fan corresponda, a la reparaci\u00f3n, sustituci\u00f3n, rebaja del precio o resoluci\u00f3n del contrato en un plazo de\u00a0<b>dos a\u00f1os<\/b>\u00a0a partir de la fecha de entrega, siempre que se cumplan las condiciones y se aporten los medios de prueba regulados en el Texto Refundido de la Ley General para la Defensa de los Consumidores y Usuarios, sin perjuicio de las comprobaciones destinadas a la constataci\u00f3n de la veracidad de los defectos, el momento de su aparici\u00f3n y su origen. El Cliente deber\u00e1 dirigirse al correo\u00a0<a href=\"mailto:info@vidasignificativa.org\"><span class=\"s1\">info@vidasignificativa.org<\/span><\/a>\u00a0o por tel\u00e9fono al\u00a0691 53 31 26, informando de la naturaleza del problema, el momento, y las condiciones de su aparici\u00f3n en un plazo de dos meses desde que tuvo conocimiento de \u00e9l, teniendo derecho al saneamiento del bien seg\u00fan las condiciones establecidas por el art\u00edculo 118 y siguientes del Texto Refundido de la Ley General para la Defensa de los Consumidores y Usuarios. Si el producto fuera defectuoso, la Asociaci\u00f3n Vida Significativa se compromete siempre que sea posible a la sustituci\u00f3n del producto,\u00a0sin ning\u00fan coste para el Cliente, y en caso de que por motivos de disponibilidad no fuera posible realizar la sustituci\u00f3n del producto, se llevar\u00e1 a cabo la devoluci\u00f3n \u00edntegra de la compra.<\/p>\n<p><b>Legislaci\u00f3n aplicable y fuero<\/b><\/p>\n<p>La presente promoci\u00f3n se regir\u00e1 por el derecho espa\u00f1ol com\u00fan vigente.<\/p>\n<p>Para toda controversia que pudiera surgir de la interpretaci\u00f3n y aplicaci\u00f3n de las presentes Bases Legales, tanto La\u00a0ONG Vida Significativa\u00a0como los usuarios, se someten expresamente a la jurisdicci\u00f3n de los Juzgados y Tribunales de Barcelona capital, sin perjuicio del fuero que por ley pudiera corresponder al consumidor.<\/p>\n<\/div><div class=\"fusion-clearfix\"><\/div><\/div><\/div><\/div><\/div>","protected":false},"excerpt":{"rendered":"","protected":false},"author":3,"featured_media":0,"parent":0,"menu_order":100,"comment_status":"closed","ping_status":"closed","template":"100-width.php","meta":{"give_campaign_id":0,"footnotes":""},"yoast_head":"<!-- This site is optimized with the Yoast SEO plugin v24.0 - https:\/\/yoast.com\/wordpress\/plugins\/seo\/ -->\n<title>Condiciones de venta y devoluci\u00f3n - Vida Significativa<\/title>\n<meta name=\"robots\" content=\"noindex, nofollow\" \/>\n<meta property=\"og:locale\" content=\"ca_ES\" \/>\n<meta property=\"og:type\" content=\"article\" \/>\n<meta property=\"og:title\" content=\"Condiciones de venta y devoluci\u00f3n - Vida Significativa\" \/>\n<meta property=\"og:url\" content=\"https:\/\/www.vidasignificativa.org\/cat\/condiciones-de-venta-y-devolucion\/\" \/>\n<meta property=\"og:site_name\" content=\"Vida Significativa\" \/>\n<meta property=\"article:modified_time\" content=\"2021-04-12T09:28:31+00:00\" \/>\n<meta name=\"twitter:card\" content=\"summary_large_image\" \/>\n<meta name=\"twitter:label1\" content=\"Temps estimat de lectura\" \/>\n\t<meta name=\"twitter:data1\" content=\"12 minuts\" \/>\n<script type=\"application\/ld+json\" class=\"yoast-schema-graph\">{\"@context\":\"https:\/\/schema.org\",\"@graph\":[{\"@type\":\"WebPage\",\"@id\":\"https:\/\/www.vidasignificativa.org\/condiciones-de-venta-y-devolucion\/\",\"url\":\"https:\/\/www.vidasignificativa.org\/condiciones-de-venta-y-devolucion\/\",\"name\":\"Condiciones de venta y devoluci\u00f3n - Vida Significativa\",\"isPartOf\":{\"@id\":\"https:\/\/www.vidasignificativa.org\/#website\"},\"datePublished\":\"2021-04-12T09:02:01+00:00\",\"dateModified\":\"2021-04-12T09:28:31+00:00\",\"breadcrumb\":{\"@id\":\"https:\/\/www.vidasignificativa.org\/condiciones-de-venta-y-devolucion\/#breadcrumb\"},\"inLanguage\":\"ca\",\"potentialAction\":[{\"@type\":\"ReadAction\",\"target\":[\"https:\/\/www.vidasignificativa.org\/condiciones-de-venta-y-devolucion\/\"]}]},{\"@type\":\"BreadcrumbList\",\"@id\":\"https:\/\/www.vidasignificativa.org\/condiciones-de-venta-y-devolucion\/#breadcrumb\",\"itemListElement\":[{\"@type\":\"ListItem\",\"position\":1,\"name\":\"Portada\",\"item\":\"https:\/\/www.vidasignificativa.org\/\"},{\"@type\":\"ListItem\",\"position\":2,\"name\":\"Condiciones de venta y devoluci\u00f3n\"}]},{\"@type\":\"WebSite\",\"@id\":\"https:\/\/www.vidasignificativa.org\/#website\",\"url\":\"https:\/\/www.vidasignificativa.org\/\",\"name\":\"Vida Significativa\",\"description\":\"ONG\",\"publisher\":{\"@id\":\"https:\/\/www.vidasignificativa.org\/#organization\"},\"potentialAction\":[{\"@type\":\"SearchAction\",\"target\":{\"@type\":\"EntryPoint\",\"urlTemplate\":\"https:\/\/www.vidasignificativa.org\/?s={search_term_string}\"},\"query-input\":{\"@type\":\"PropertyValueSpecification\",\"valueRequired\":true,\"valueName\":\"search_term_string\"}}],\"inLanguage\":\"ca\"},{\"@type\":\"Organization\",\"@id\":\"https:\/\/www.vidasignificativa.org\/#organization\",\"name\":\"Vida Significativa\",\"url\":\"https:\/\/www.vidasignificativa.org\/\",\"logo\":{\"@type\":\"ImageObject\",\"inLanguage\":\"ca\",\"@id\":\"https:\/\/www.vidasignificativa.org\/#\/schema\/logo\/image\/\",\"url\":\"https:\/\/www.vidasignificativa.org\/wp-content\/uploads\/2024\/01\/vida-sginificativa-logo-700x700-1.jpg\",\"contentUrl\":\"https:\/\/www.vidasignificativa.org\/wp-content\/uploads\/2024\/01\/vida-sginificativa-logo-700x700-1.jpg\",\"width\":700,\"height\":700,\"caption\":\"Vida Significativa\"},\"image\":{\"@id\":\"https:\/\/www.vidasignificativa.org\/#\/schema\/logo\/image\/\"}}]}<\/script>\n<!-- \/ Yoast SEO plugin. -->","yoast_head_json":{"title":"Condiciones de venta y devoluci\u00f3n - Vida Significativa","robots":{"index":"noindex","follow":"nofollow"},"og_locale":"ca_ES","og_type":"article","og_title":"Condiciones de venta y devoluci\u00f3n - Vida Significativa","og_url":"https:\/\/www.vidasignificativa.org\/cat\/condiciones-de-venta-y-devolucion\/","og_site_name":"Vida Significativa","article_modified_time":"2021-04-12T09:28:31+00:00","twitter_card":"summary_large_image","twitter_misc":{"Temps estimat de lectura":"12 minuts"},"schema":{"@context":"https:\/\/schema.org","@graph":[{"@type":"WebPage","@id":"https:\/\/www.vidasignificativa.org\/condiciones-de-venta-y-devolucion\/","url":"https:\/\/www.vidasignificativa.org\/condiciones-de-venta-y-devolucion\/","name":"Condiciones de venta y devoluci\u00f3n - Vida Significativa","isPartOf":{"@id":"https:\/\/www.vidasignificativa.org\/#website"},"datePublished":"2021-04-12T09:02:01+00:00","dateModified":"2021-04-12T09:28:31+00:00","breadcrumb":{"@id":"https:\/\/www.vidasignificativa.org\/condiciones-de-venta-y-devolucion\/#breadcrumb"},"inLanguage":"ca","potentialAction":[{"@type":"ReadAction","target":["https:\/\/www.vidasignificativa.org\/condiciones-de-venta-y-devolucion\/"]}]},{"@type":"BreadcrumbList","@id":"https:\/\/www.vidasignificativa.org\/condiciones-de-venta-y-devolucion\/#breadcrumb","itemListElement":[{"@type":"ListItem","position":1,"name":"Portada","item":"https:\/\/www.vidasignificativa.org\/"},{"@type":"ListItem","position":2,"name":"Condiciones de venta y devoluci\u00f3n"}]},{"@type":"WebSite","@id":"https:\/\/www.vidasignificativa.org\/#website","url":"https:\/\/www.vidasignificativa.org\/","name":"Vida Significativa","description":"ONG","publisher":{"@id":"https:\/\/www.vidasignificativa.org\/#organization"},"potentialAction":[{"@type":"SearchAction","target":{"@type":"EntryPoint","urlTemplate":"https:\/\/www.vidasignificativa.org\/?s={search_term_string}"},"query-input":{"@type":"PropertyValueSpecification","valueRequired":true,"valueName":"search_term_string"}}],"inLanguage":"ca"},{"@type":"Organization","@id":"https:\/\/www.vidasignificativa.org\/#organization","name":"Vida Significativa","url":"https:\/\/www.vidasignificativa.org\/","logo":{"@type":"ImageObject","inLanguage":"ca","@id":"https:\/\/www.vidasignificativa.org\/#\/schema\/logo\/image\/","url":"https:\/\/www.vidasignificativa.org\/wp-content\/uploads\/2024\/01\/vida-sginificativa-logo-700x700-1.jpg","contentUrl":"https:\/\/www.vidasignificativa.org\/wp-content\/uploads\/2024\/01\/vida-sginificativa-logo-700x700-1.jpg","width":700,"height":700,"caption":"Vida Significativa"},"image":{"@id":"https:\/\/www.vidasignificativa.org\/#\/schema\/logo\/image\/"}}]}},"campaignId":"","_links":{"self":[{"href":"https:\/\/www.vidasignificativa.org\/cat\/wp-json\/wp\/v2\/pages\/2928"}],"collection":[{"href":"https:\/\/www.vidasignificativa.org\/cat\/wp-json\/wp\/v2\/pages"}],"about":[{"href":"https:\/\/www.vidasignificativa.org\/cat\/wp-json\/wp\/v2\/types\/page"}],"author":[{"embeddable":true,"href":"https:\/\/www.vidasignificativa.org\/cat\/wp-json\/wp\/v2\/users\/3"}],"replies":[{"embeddable":true,"href":"https:\/\/www.vidasignificativa.org\/cat\/wp-json\/wp\/v2\/comments?post=2928"}],"version-history":[{"count":0,"href":"https:\/\/www.vidasignificativa.org\/cat\/wp-json\/wp\/v2\/pages\/2928\/revisions"}],"wp:attachment":[{"href":"https:\/\/www.vidasignificativa.org\/cat\/wp-json\/wp\/v2\/media?parent=2928"}],"curies":[{"name":"wp","href":"https:\/\/api.w.org\/{rel}","templated":true}]}}